{"id":26056,"date":"2025-09-11T13:56:14","date_gmt":"2025-09-11T11:56:14","guid":{"rendered":"https:\/\/aurovis.ch\/?page_id=26056"},"modified":"2026-02-20T11:16:53","modified_gmt":"2026-02-20T10:16:53","slug":"inxpect-systemes-radar-de-securite","status":"publish","type":"page","link":"https:\/\/aurovis.ch\/fr\/produits\/automation\/inxpect-systemes-radar-de-securite\/","title":{"rendered":"INXPECT Syst\u00e8mes radar de s\u00e9curit\u00e9"},"content":{"rendered":"","protected":false},"excerpt":{"rendered":"","protected":false},"author":9,"featured_media":27236,"parent":7349,"menu_order":4,"comment_status":"closed","ping_status":"closed","template":"","meta":{"_acf_changed":false,"_surecart_dashboard_logo_width":"180px","_surecart_dashboard_show_logo":true,"_surecart_dashboard_navigation_orders":true,"_surecart_dashboard_navigation_invoices":true,"_surecart_dashboard_navigation_subscriptions":true,"_surecart_dashboard_navigation_downloads":true,"_surecart_dashboard_navigation_billing":true,"_surecart_dashboard_navigation_account":true,"_uag_custom_page_level_css":"","footnotes":""},"class_list":["post-26056","page","type-page","status-publish","has-post-thumbnail","hentry"],"acf":[],"uagb_featured_image_src":{"full":["https:\/\/aurovis.ch\/wp-content\/uploads\/2026\/02\/Inxpect-Omni-line-animation.gif",1200,500,false],"thumbnail":["https:\/\/aurovis.ch\/wp-content\/uploads\/2026\/02\/Inxpect-Omni-line-animation-150x150.gif",150,150,true],"medium":["https:\/\/aurovis.ch\/wp-content\/uploads\/2026\/02\/Inxpect-Omni-line-animation-300x125.gif",300,125,true],"medium_large":["https:\/\/aurovis.ch\/wp-content\/uploads\/2026\/02\/Inxpect-Omni-line-animation-768x320.gif",768,320,true],"large":["https:\/\/aurovis.ch\/wp-content\/uploads\/2026\/02\/Inxpect-Omni-line-animation-1024x427.gif",1024,427,true],"1536x1536":["https:\/\/aurovis.ch\/wp-content\/uploads\/2026\/02\/Inxpect-Omni-line-animation.gif",1200,500,false],"2048x2048":["https:\/\/aurovis.ch\/wp-content\/uploads\/2026\/02\/Inxpect-Omni-line-animation.gif",1200,500,false],"rechteckig":["https:\/\/aurovis.ch\/wp-content\/uploads\/2026\/02\/Inxpect-Omni-line-animation-250x104.gif",250,104,true],"rechteckig-news":["https:\/\/aurovis.ch\/wp-content\/uploads\/2026\/02\/Inxpect-Omni-line-animation-250x250.gif",250,250,true],"slideimage":["https:\/\/aurovis.ch\/wp-content\/uploads\/2026\/02\/Inxpect-Omni-line-animation-1200x430.gif",1200,430,true],"bildrow":["https:\/\/aurovis.ch\/wp-content\/uploads\/2026\/02\/Inxpect-Omni-line-animation-800x375.gif",800,375,true],"komprimiert-s":["https:\/\/aurovis.ch\/wp-content\/uploads\/2026\/02\/Inxpect-Omni-line-animation-300x125.gif",300,125,true]},"uagb_author_info":{"display_name":"Anja Thomas","author_link":"https:\/\/aurovis.ch\/fr\/author\/anja-thomas\/"},"uagb_comment_info":0,"uagb_excerpt":null,"_links":{"self":[{"href":"https:\/\/aurovis.ch\/fr\/wp-json\/wp\/v2\/pages\/26056","targetHints":{"allow":["GET"]}}],"collection":[{"href":"https:\/\/aurovis.ch\/fr\/wp-json\/wp\/v2\/pages"}],"about":[{"href":"https:\/\/aurovis.ch\/fr\/wp-json\/wp\/v2\/types\/page"}],"author":[{"embeddable":true,"href":"https:\/\/aurovis.ch\/fr\/wp-json\/wp\/v2\/users\/9"}],"replies":[{"embeddable":true,"href":"https:\/\/aurovis.ch\/fr\/wp-json\/wp\/v2\/comments?post=26056"}],"version-history":[{"count":9,"href":"https:\/\/aurovis.ch\/fr\/wp-json\/wp\/v2\/pages\/26056\/revisions"}],"predecessor-version":[{"id":27343,"href":"https:\/\/aurovis.ch\/fr\/wp-json\/wp\/v2\/pages\/26056\/revisions\/27343"}],"up":[{"embeddable":true,"href":"https:\/\/aurovis.ch\/fr\/wp-json\/wp\/v2\/pages\/7349"}],"wp:featuredmedia":[{"embeddable":true,"href":"https:\/\/aurovis.ch\/fr\/wp-json\/wp\/v2\/media\/27236"}],"wp:attachment":[{"href":"https:\/\/aurovis.ch\/fr\/wp-json\/wp\/v2\/media?parent=26056"}],"curies":[{"name":"wp","href":"https:\/\/api.w.org\/{rel}","templated":true}]}}