{"id":28285,"date":"2026-03-31T10:26:09","date_gmt":"2026-03-31T08:26:09","guid":{"rendered":"https:\/\/aurovis.ch\/produits\/automation\/aurovis-line-2\/"},"modified":"2026-03-31T12:57:42","modified_gmt":"2026-03-31T10:57:42","slug":"aurovis-line","status":"publish","type":"page","link":"https:\/\/aurovis.ch\/fr\/produits\/automation\/aurovis-line\/","title":{"rendered":"AUROVIS-Line"},"content":{"rendered":"<div class=\"wp-block-cover is-light has-custom-content-position is-position-top-center\"><img loading=\"lazy\" decoding=\"async\" width=\"5012\" height=\"3200\" class=\"wp-block-cover__image-background wp-image-8818 size-full\" alt=\"AUROVIS-Line Intelligente Automatisierungsplattform Industrie 4.0\" src=\"https:\/\/aurovis.ch\/wp-content\/uploads\/2019\/01\/Aurovis_Line_03-1.jpg\" data-object-fit=\"cover\" srcset=\"https:\/\/aurovis.ch\/wp-content\/uploads\/2019\/01\/Aurovis_Line_03-1.jpg 5012w, https:\/\/aurovis.ch\/wp-content\/uploads\/2019\/01\/Aurovis_Line_03-1-300x192.jpg 300w, https:\/\/aurovis.ch\/wp-content\/uploads\/2019\/01\/Aurovis_Line_03-1-768x490.jpg 768w, https:\/\/aurovis.ch\/wp-content\/uploads\/2019\/01\/Aurovis_Line_03-1-1024x654.jpg 1024w, https:\/\/aurovis.ch\/wp-content\/uploads\/2019\/01\/Aurovis_Line_03-1-250x160.jpg 250w\" sizes=\"auto, (max-width: 5012px) 100vw, 5012px\" \/><span aria-hidden=\"true\" class=\"wp-block-cover__background has-background-dim\" style=\"background-color:#d0d0d0\"><\/span><div class=\"wp-block-cover__inner-container is-layout-constrained wp-block-cover-is-layout-constrained\">\n<div class=\"wp-block-group alignfull has-background-color has-white-color has-text-color has-background has-link-color wp-elements-9d4d63d5d46542b6641dfcaebbd68eba\" style=\"background-color:#e8e8e8d1;padding-top:var(--wp--preset--spacing--30);padding-right:var(--wp--preset--spacing--30);padding-bottom:var(--wp--preset--spacing--30);padding-left:var(--wp--preset--spacing--30)\"><div class=\"wp-block-group__inner-container is-layout-constrained wp-container-core-group-is-layout-23b1a4dc wp-block-group-is-layout-constrained\">\n<div class=\"wp-block-uagb-advanced-heading uagb-block-7f21d2e7\"><h1 class=\"uagb-heading-text\">AUROVIS-Line<\/h1><\/div>\n\n\n\n<div class=\"wp-block-uagb-advanced-heading uagb-block-b022a521 hero-text\"><h2 class=\"uagb-heading-text\">Plateforme d&rsquo;automation intelligente \u00ab Industrie 4.0 \u00bb<\/h2><\/div>\n<\/div><\/div>\n<\/div><\/div>\n\n\n\t\t\t\t<div class=\"wp-block-uagb-table-of-contents uagb-toc__align-left uagb-toc__columns-1  uagb-block-27900e62      \"\n\t\t\t\t\tdata-scroll= \"1\"\n\t\t\t\t\tdata-offset= \"30\"\n\t\t\t\t\tstyle=\"\"\n\t\t\t\t>\n\t\t\t\t<div class=\"uagb-toc__wrap\">\n\t\t\t\t\t\t<div class=\"uagb-toc__title\">\n\t\t\t\t\t\t\tTable des mati\u00e8res\t\t\t\t\t\t<\/div>\n\t\t\t\t\t\t\t\t\t\t\t\t\t\t\t\t\t\t\t\t\t\t<div class=\"uagb-toc__list-wrap \">\n\t\t\t\t\t\t<ol class=\"uagb-toc__list\"><li class=\"uagb-toc__list\"><a href=\"#voir-des-exemples-dapplication\" class=\"uagb-toc-link__trigger\">Voir des exemples d\u2019application<\/a><li class=\"uagb-toc__list\"><a href=\"#avantages-des-plateformes-dautomatisation-industrielle\" class=\"uagb-toc-link__trigger\">Avantages des plateformes d\u2019automatisation industrielle<\/a><li class=\"uagb-toc__list\"><a href=\"#aurovis-line-starter\" class=\"uagb-toc-link__trigger\">AUROVIS-Line Starter<\/a><li class=\"uagb-toc__list\"><a href=\"#aurovis-line-innovations\" class=\"uagb-toc-link__trigger\">AUROVIS-Line Innovations<\/a><\/ol>\t\t\t\t\t<\/div>\n\t\t\t\t\t\t\t\t\t<\/div>\n\t\t\t\t<\/div>\n\t\t\t\n\n\n<div class=\"wp-block-uagb-separator uagb-block-948c1529\"><div class=\"wp-block-uagb-separator__inner\" style=\"--my-background-image:\"><\/div><\/div>\n\n\n\n<div data-aos= \"fade\" data-aos-duration=\"400\" data-aos-delay=\"0\" data-aos-easing=\"ease\" data-aos-once=\"true\" class=\"wp-block-uagb-container uagb-block-5d974bbf alignfull uagb-is-root-container\"><div class=\"uagb-container-inner-blocks-wrap\">\n<div class=\"wp-block-uagb-container uagb-block-9ac94ece alignfull uagb-is-root-container\"><div class=\"uagb-container-inner-blocks-wrap\">\n<div class=\"wp-block-uagb-container uagb-block-393825b6\">\n<blockquote>\n<p>AUROVIS-Line une plateforme d\u2019automation innovatrice et modulaire pour des processus de production exigeants et flexibles est appropri\u00e9e pour des processus d\u2019assemblage de petits composants et d\u2019une grande vari\u00e9t\u00e9 de produits, par exemple dans la production horlog\u00e8re, la production \u00e9lectronique, la production de capteurs et de moteurs.<\/p>\n<\/blockquote>\n<\/div>\n\n\n\n<div data-aos= \"fade\" data-aos-duration=\"400\" data-aos-delay=\"0\" data-aos-easing=\"ease\" data-aos-once=\"true\" class=\"wp-block-uagb-container uagb-block-cdbed270\">\n<div class=\"wp-block-uagb-image uagb-block-70cef7fe wp-block-uagb-image--layout-default wp-block-uagb-image--effect-static wp-block-uagb-image--align-none\"><figure class=\"wp-block-uagb-image__figure\"><img decoding=\"async\" srcset=\"https:\/\/aurovis.ch\/wp-content\/uploads\/2020\/11\/Aurovis_line_rgb_R-1024x282.webp ,https:\/\/aurovis.ch\/wp-content\/uploads\/2020\/11\/Aurovis_line_rgb_R.webp 780w, https:\/\/aurovis.ch\/wp-content\/uploads\/2020\/11\/Aurovis_line_rgb_R.webp 360w\" sizes=\"auto, (max-width: 480px) 150px\" src=\"https:\/\/aurovis.ch\/wp-content\/uploads\/2020\/11\/Aurovis_line_rgb_R-1024x282.webp\" alt=\"Logo von Aurovis Line: schwarze Schrift auf wei\u00dfem Hintergrund, blaues Icon, links neben der Schrift und &quot;line&quot; in blau unter der Schrift.\" class=\"uag-image-14348\" width=\"1024\" height=\"282\" title=\"Logo Aurovis Line\" loading=\"lazy\" role=\"img\"\/><\/figure><\/div>\n\n\n\n<div class=\"wp-block-uagb-advanced-heading uagb-block-b3ec7598\"><h4 class=\"uagb-heading-text\">Documentation<\/h4><\/div>\n\n\n\n<div class=\"wp-block-uagb-separator uagb-block-52ff5077\"><div class=\"wp-block-uagb-separator__inner\" style=\"--my-background-image:\"><\/div><\/div>\n\n\n\n<div class=\"wp-block-file\"><a id=\"wp-block-file--media-81c0673c-cf03-4881-9279-a4be4f1587fb\" href=\"https:\/\/aurovis.ch\/wp-content\/uploads\/2019\/01\/AurovisLine_Flyer_A4_DE_df-1.pdf\" target=\"_blank\" rel=\"noreferrer noopener\">AUROVIS-Line_Brochure ouvrir<\/a><\/div>\n<\/div>\n<\/div><\/div>\n\n\n\n<p>AUROVIS-Line satisfait aux m\u00e9thodes et aux sp\u00e9cifications modernes pour les processus de production intelligents selon&nbsp;\u00ab Industrie 4.0 \u00bb. La conception modulaire de la ligne d\u2019automation et des stations de traitement individuels permet d\u2019augmenter la production et aussi simplement d\u2019adapter et d\u2019int\u00e9grer les nouveaux processus dans la&nbsp;AUROVIS-Line.<\/p>\n\n\n\n<div data-aos= \"fade\" data-aos-duration=\"400\" data-aos-delay=\"0\" data-aos-easing=\"ease\" data-aos-once=\"true\" class=\"wp-block-uagb-container uagb-block-9369aa53 alignfull uagb-is-root-container\"><div class=\"uagb-container-inner-blocks-wrap\">\n<div data-aos= \"fade\" data-aos-duration=\"400\" data-aos-delay=\"0\" data-aos-easing=\"ease\" data-aos-once=\"true\" class=\"wp-block-uagb-container uagb-block-ff39eb0c\">\n<div class=\"wp-block-uagb-team uagb-team__image-position-above uagb-team__align-center uagb-team__stack-tablet uagb-block-2554c810\"><div class=\"uagb-team__content\"><h3 class=\"uagb-team__title\">Voir des exemples d\u2019application<\/h3><span class=\"uagb-team__prefix\"><\/span><p class=\"uagb-team__desc\">automatisation de processus de montage \u00e0 forte variabilit\u00e9 avec la ligne AUROVIS<\/p><\/div><\/div>\n\n\n<figure class=\"wp-block-post-featured-image\"><img loading=\"lazy\" decoding=\"async\" width=\"300\" height=\"141\" src=\"https:\/\/aurovis.ch\/wp-content\/uploads\/2020\/06\/aurovis-line-intelligente-automationsplattform-300x141.jpg\" class=\"attachment-medium size-medium wp-post-image\" alt=\"AUROVIS-Line\" style=\"object-fit:cover;\" srcset=\"https:\/\/aurovis.ch\/wp-content\/uploads\/2020\/06\/aurovis-line-intelligente-automationsplattform-300x141.jpg 300w, https:\/\/aurovis.ch\/wp-content\/uploads\/2020\/06\/aurovis-line-intelligente-automationsplattform-250x118.jpg 250w, https:\/\/aurovis.ch\/wp-content\/uploads\/2020\/06\/aurovis-line-intelligente-automationsplattform.jpg 700w\" sizes=\"auto, (max-width: 300px) 100vw, 300px\" \/><span class=\"wp-block-post-featured-image__overlay has-background-dim has-background-dim-30\" style=\"background-color: #ededed\" aria-hidden=\"true\"><\/span><\/figure>\n\n\n<div data-aos= \"fade\" data-aos-duration=\"400\" data-aos-delay=\"0\" data-aos-easing=\"ease\" data-aos-once=\"true\" class=\"wp-block-uagb-marketing-button uagb-marketing-btn__align-center uagb-marketing-btn__align-text-center uagb-marketing-btn__icon-after uagb-block-3dc6fb04 wp-block-button gotop-btn\"><a href=\"https:\/\/aurovis.ch\/produkte\/dienstleistungen\/loesungen\/#aurovis-line\" class=\"uagb-marketing-btn__link wp-block-button__link\" target=\"\" rel=\"noopener noreferrer\"><span class=\"uagb-marketing-btn__title\">Voir la vid\u00e9o<\/span><\/a><\/div>\n<\/div>\n\n\n\n<div data-aos= \"fade\" data-aos-duration=\"400\" data-aos-delay=\"0\" data-aos-easing=\"ease\" data-aos-once=\"true\" class=\"wp-block-uagb-container uagb-block-ed321963\"><\/div>\n<\/div><\/div>\n\n\n\n<h3 class=\"wp-block-heading\">Avantages des plateformes d\u2019automatisation industrielle<\/h3>\n\n\n\n<ul class=\"wp-block-list\">\n<li>Efficacit\u00e9 et productivit\u00e9 accrues gr\u00e2ce \u00e0 des processus de production plus rapides et moins de temps d\u2019arr\u00eat<\/li>\n\n\n\n<li>Optimisation des ressources gr\u00e2ce \u00e0 un contr\u00f4le et une surveillance pr\u00e9cis<\/li>\n\n\n\n<li>Qualit\u00e9 constante du produit<\/li>\n\n\n\n<li>Int\u00e9gration rapide de nouveaux produits ou processus<\/li>\n<\/ul>\n\n\n\n<p>Les plateformes d\u2019automatisation contribuent \u00e0 augmenter consid\u00e9rablement l\u2019efficacit\u00e9 et la comp\u00e9titivit\u00e9 de votre entreprise.<\/p>\n\n\n\n<div class=\"wp-block-uagb-container uagb-block-ceda0cb4 alignfull uagb-is-root-container\">\n<div class=\"uagb-container-inner-blocks-wrap\">\n<blockquote>\n<p><span style=\"color: #266782;\">Ligne AUROVIS en d\u00e9tail<\/span><\/p>\n<p>Modules &amp; extensions de la ligne AUROVIS<\/p>\n<p data-start=\"175\" data-end=\"363\">D\u00e9couvrez les diff\u00e9rentes configurations et \u00e9volutions de la ligne AUROVIS \u2013 de la solution d\u2019entr\u00e9e de gamme jusqu\u2019aux extensions innovantes pour des processus de production exigeants.<\/p>\n<\/blockquote>\n<\/div>\n<\/div>\n<\/div><\/div>\n\n\n\n<div data-aos= \"fade\" data-aos-duration=\"400\" data-aos-delay=\"0\" data-aos-easing=\"ease\" data-aos-once=\"true\" class=\"wp-block-uagb-container uagb-block-737c4509 alignfull uagb-is-root-container\"><div class=\"uagb-container-inner-blocks-wrap\">\n<div data-aos= \"fade\" data-aos-duration=\"400\" data-aos-delay=\"0\" data-aos-easing=\"ease\" data-aos-once=\"true\" class=\"wp-block-uagb-container uagb-block-d75698f0\">\n<div class=\"wp-block-uagb-team uagb-team__image-position-above uagb-team__align-center uagb-team__stack-tablet uagb-block-94d07bd2\"><div class=\"uagb-team__content\"><h3 class=\"uagb-team__title\">AUROVIS-Line Starter<\/h3><span class=\"uagb-team__prefix\">L\u2019entr\u00e9e dans l\u2019automatisation flexible<\/span><p class=\"uagb-team__desc\">La solution Starter permet un acc\u00e8s rapide et \u00e9conomique \u00e0 la plateforme d\u2019automatisation modulaire \u2013 id\u00e9ale pour des processus de montage flexibles avec un fort potentiel d\u2019\u00e9volution.<\/p><ul class=\"uagb-team__social-list\"><\/ul><\/div><\/div>\n\n\n\n<div class=\"wp-block-uagb-image uagb-block-c5446dab wp-block-uagb-image--layout-default wp-block-uagb-image--effect-static wp-block-uagb-image--align-none\"><figure class=\"wp-block-uagb-image__figure\"><img decoding=\"async\" srcset=\"https:\/\/aurovis.ch\/wp-content\/uploads\/2024\/06\/Aurovis_Line_Starter-150x150.webp ,https:\/\/aurovis.ch\/wp-content\/uploads\/2024\/06\/Aurovis_Line_Starter.webp 780w, https:\/\/aurovis.ch\/wp-content\/uploads\/2024\/06\/Aurovis_Line_Starter.webp 360w\" sizes=\"auto, (max-width: 480px) 150px\" src=\"https:\/\/aurovis.ch\/wp-content\/uploads\/2024\/06\/Aurovis_Line_Starter-150x150.webp\" alt=\"Bild des Aurovis-Line Starter, eine kleinere Automationsplattform zu Aurovis-Line.\" class=\"uag-image-22989\" width=\"180\" height=\"150\" title=\"Aurovis_Line_Starter\" loading=\"lazy\" role=\"img\"\/><\/figure><\/div>\n\n\n\n<div data-aos= \"fade\" data-aos-duration=\"400\" data-aos-delay=\"0\" data-aos-easing=\"ease\" data-aos-once=\"true\" class=\"wp-block-uagb-marketing-button uagb-marketing-btn__align-center uagb-marketing-btn__align-text-center uagb-marketing-btn__icon-after uagb-block-acb98adb wp-block-button gotop-btn\"><a href=\"https:\/\/aurovis.ch\/fr\/produits\/automation\/aurovis-line\/starter\/\" class=\"uagb-marketing-btn__link wp-block-button__link\" target=\"\" rel=\"noopener noreferrer\"><span class=\"uagb-marketing-btn__title\">Vers la solution Starter \u2192 <\/span><\/a><\/div>\n<\/div>\n\n\n\n<div data-aos= \"fade\" data-aos-duration=\"400\" data-aos-delay=\"0\" data-aos-easing=\"ease\" data-aos-once=\"true\" class=\"wp-block-uagb-container uagb-block-a0d7d0fe\">\n<div class=\"wp-block-uagb-team uagb-team__image-position-above uagb-team__align-center uagb-team__stack-tablet uagb-block-27873524\"><div class=\"uagb-team__content\"><h3 class=\"uagb-team__title\">AUROVIS-Line Innovations <\/h3><span class=\"uagb-team__prefix\">Technologies pour la production de demain<\/span><p class=\"uagb-team__desc\">Des \u00e9volutions continues enrichissent la ligne AUROVIS avec de nouvelles fonctionnalit\u00e9s et technologies \u2013 pour des solutions de production plus efficaces et p\u00e9rennes..<\/p><\/div><\/div>\n\n\n\n<div class=\"wp-block-uagb-image uagb-block-a4940605 wp-block-uagb-image--layout-default wp-block-uagb-image--effect-static wp-block-uagb-image--align-none\"><figure class=\"wp-block-uagb-image__figure\"><img decoding=\"async\" srcset=\"https:\/\/aurovis.ch\/wp-content\/uploads\/2019\/01\/Aurovis_Line_03-1-150x150.jpg ,https:\/\/aurovis.ch\/wp-content\/uploads\/2019\/01\/Aurovis_Line_03-1.jpg 780w, https:\/\/aurovis.ch\/wp-content\/uploads\/2019\/01\/Aurovis_Line_03-1.jpg 360w\" sizes=\"auto, (max-width: 480px) 150px\" src=\"https:\/\/aurovis.ch\/wp-content\/uploads\/2019\/01\/Aurovis_Line_03-1-150x150.jpg\" alt=\"AUROVIS-Line Intelligente Automatisierungsplattform Industrie 4.0\" class=\"uag-image-8818\" width=\"180\" height=\"150\" title=\"Aurovis_Line_Innovation\" loading=\"lazy\" role=\"img\"\/><\/figure><\/div>\n\n\n\n<div data-aos= \"fade\" data-aos-duration=\"400\" data-aos-delay=\"0\" data-aos-easing=\"ease\" data-aos-once=\"true\" class=\"wp-block-uagb-marketing-button uagb-marketing-btn__align-center uagb-marketing-btn__align-text-center uagb-marketing-btn__icon-after uagb-block-8073c641 wp-block-button gotop-btn\"><a href=\"https:\/\/aurovis.ch\/fr\/produits\/automation\/aurovis-line\/innovations\/\" class=\"uagb-marketing-btn__link wp-block-button__link\" target=\"\" rel=\"noopener noreferrer\"><span class=\"uagb-marketing-btn__title\">Vers les innovations \u2192 <\/span><\/a><\/div>\n<\/div>\n<\/div><\/div>\n\n\n\n<div class=\"wp-block-uagb-container uagb-block-a9af646c alignfull uagb-is-root-container\"><div class=\"uagb-container-inner-blocks-wrap\">\n<div data-aos= \"fade\" data-aos-duration=\"400\" data-aos-delay=\"0\" data-aos-easing=\"ease\" data-aos-once=\"true\" class=\"wp-block-uagb-marketing-button uagb-marketing-btn__align-center uagb-marketing-btn__align-text-center uagb-marketing-btn__icon-after uagb-block-bf133c06 wp-block-button gotop-btn\"><a href=\"https:\/\/aurovis.ch\/fr\/m\/offres\/\" class=\"uagb-marketing-btn__link wp-block-button__link\" target=\"\" rel=\"noopener noreferrer\"><span class=\"uagb-marketing-btn__title\">Prenez contact avec notre ing\u00e9nieur<\/span><\/a><\/div>\n<\/div><\/div>","protected":false},"excerpt":{"rendered":"<p>AUROVIS-Line une plateforme d\u2019automation innovatrice et modulaire pour des processus de production exigeants et flexibles est appropri\u00e9e pour des processus d\u2019assemblage de petits composants et d\u2019une grande vari\u00e9t\u00e9 de produits, par exemple dans la production horlog\u00e8re, la production \u00e9lectronique, la production de capteurs et de moteurs. Documentation AUROVIS-Line satisfait aux m\u00e9thodes et aux sp\u00e9cifications modernes &hellip; <a href=\"https:\/\/aurovis.ch\/fr\/produits\/automation\/aurovis-line\/\">Continued<\/a><\/p>\n","protected":false},"author":9,"featured_media":28286,"parent":7349,"menu_order":1,"comment_status":"closed","ping_status":"closed","template":"","meta":{"_acf_changed":false,"_surecart_dashboard_logo_width":"180px","_surecart_dashboard_show_logo":true,"_surecart_dashboard_navigation_orders":true,"_surecart_dashboard_navigation_invoices":true,"_surecart_dashboard_navigation_subscriptions":true,"_surecart_dashboard_navigation_downloads":true,"_surecart_dashboard_navigation_billing":true,"_surecart_dashboard_navigation_account":true,"_uag_custom_page_level_css":"","footnotes":""},"class_list":["post-28285","page","type-page","status-publish","has-post-thumbnail","hentry"],"acf":[],"uagb_featured_image_src":{"full":["https:\/\/aurovis.ch\/wp-content\/uploads\/2020\/06\/aurovis-line-intelligente-automationsplattform.jpg",700,330,false],"thumbnail":["https:\/\/aurovis.ch\/wp-content\/uploads\/2020\/06\/aurovis-line-intelligente-automationsplattform-150x150.jpg",150,150,true],"medium":["https:\/\/aurovis.ch\/wp-content\/uploads\/2020\/06\/aurovis-line-intelligente-automationsplattform-300x141.jpg",300,141,true],"medium_large":["https:\/\/aurovis.ch\/wp-content\/uploads\/2020\/06\/aurovis-line-intelligente-automationsplattform.jpg",700,330,false],"large":["https:\/\/aurovis.ch\/wp-content\/uploads\/2020\/06\/aurovis-line-intelligente-automationsplattform.jpg",700,330,false],"1536x1536":["https:\/\/aurovis.ch\/wp-content\/uploads\/2020\/06\/aurovis-line-intelligente-automationsplattform.jpg",700,330,false],"2048x2048":["https:\/\/aurovis.ch\/wp-content\/uploads\/2020\/06\/aurovis-line-intelligente-automationsplattform.jpg",700,330,false],"rechteckig":["https:\/\/aurovis.ch\/wp-content\/uploads\/2020\/06\/aurovis-line-intelligente-automationsplattform-250x118.jpg",250,118,true],"rechteckig-news":["https:\/\/aurovis.ch\/wp-content\/uploads\/2020\/06\/aurovis-line-intelligente-automationsplattform-250x250.jpg",250,250,true],"slideimage":["https:\/\/aurovis.ch\/wp-content\/uploads\/2020\/06\/aurovis-line-intelligente-automationsplattform.jpg",700,330,false],"bildrow":["https:\/\/aurovis.ch\/wp-content\/uploads\/2020\/06\/aurovis-line-intelligente-automationsplattform.jpg",700,330,false],"komprimiert-s":["https:\/\/aurovis.ch\/wp-content\/uploads\/2020\/06\/aurovis-line-intelligente-automationsplattform-300x141.jpg",300,141,true]},"uagb_author_info":{"display_name":"Anja Thomas","author_link":"https:\/\/aurovis.ch\/fr\/author\/anja-thomas\/"},"uagb_comment_info":0,"uagb_excerpt":"AUROVIS-Line une plateforme d\u2019automation innovatrice et modulaire pour des processus de production exigeants et flexibles est appropri\u00e9e pour des processus d\u2019assemblage de petits composants et d\u2019une grande vari\u00e9t\u00e9 de produits, par exemple dans la production horlog\u00e8re, la production \u00e9lectronique, la production de capteurs et de moteurs. Documentation AUROVIS-Line satisfait aux m\u00e9thodes et aux sp\u00e9cifications modernes\u2026","_links":{"self":[{"href":"https:\/\/aurovis.ch\/fr\/wp-json\/wp\/v2\/pages\/28285","targetHints":{"allow":["GET"]}}],"collection":[{"href":"https:\/\/aurovis.ch\/fr\/wp-json\/wp\/v2\/pages"}],"about":[{"href":"https:\/\/aurovis.ch\/fr\/wp-json\/wp\/v2\/types\/page"}],"author":[{"embeddable":true,"href":"https:\/\/aurovis.ch\/fr\/wp-json\/wp\/v2\/users\/9"}],"replies":[{"embeddable":true,"href":"https:\/\/aurovis.ch\/fr\/wp-json\/wp\/v2\/comments?post=28285"}],"version-history":[{"count":4,"href":"https:\/\/aurovis.ch\/fr\/wp-json\/wp\/v2\/pages\/28285\/revisions"}],"predecessor-version":[{"id":28299,"href":"https:\/\/aurovis.ch\/fr\/wp-json\/wp\/v2\/pages\/28285\/revisions\/28299"}],"up":[{"embeddable":true,"href":"https:\/\/aurovis.ch\/fr\/wp-json\/wp\/v2\/pages\/7349"}],"wp:featuredmedia":[{"embeddable":true,"href":"https:\/\/aurovis.ch\/fr\/wp-json\/wp\/v2\/media\/28286"}],"wp:attachment":[{"href":"https:\/\/aurovis.ch\/fr\/wp-json\/wp\/v2\/media?parent=28285"}],"curies":[{"name":"wp","href":"https:\/\/api.w.org\/{rel}","templated":true}]}}