{"id":28340,"date":"2026-03-31T14:18:13","date_gmt":"2026-03-31T12:18:13","guid":{"rendered":"https:\/\/aurovis.ch\/produits\/branchen\/"},"modified":"2026-04-28T13:13:19","modified_gmt":"2026-04-28T11:13:19","slug":"industries","status":"publish","type":"page","link":"https:\/\/aurovis.ch\/fr\/produits\/industries\/","title":{"rendered":"Industries"},"content":{"rendered":"<div class=\"wp-block-cover is-light has-custom-content-position is-position-top-center\"><video class=\"wp-block-cover__video-background intrinsic-ignore\" autoplay muted loop playsinline src=\"https:\/\/aurovis.ch\/wp-content\/uploads\/2025\/09\/Firefly-Roboterarm-bewegen-571716.mp4\" data-object-fit=\"cover\"><\/video><span aria-hidden=\"true\" class=\"wp-block-cover__background has-background-dim-10 has-background-dim\" style=\"background-color:#FFF\"><\/span><div class=\"wp-block-cover__inner-container is-layout-constrained wp-block-cover-is-layout-constrained\">\n<div class=\"wp-block-group alignfull has-background-color has-white-color has-text-color has-background has-link-color wp-elements-601c9fc692c1651bc4970b1640046034\" style=\"background-color:#e8e8e8d1;padding-top:var(--wp--preset--spacing--30);padding-right:var(--wp--preset--spacing--30);padding-bottom:var(--wp--preset--spacing--30);padding-left:var(--wp--preset--spacing--30)\"><div class=\"wp-block-group__inner-container is-layout-constrained wp-container-core-group-is-layout-23b1a4dc wp-block-group-is-layout-constrained\">\n<div class=\"wp-block-uagb-advanced-heading uagb-block-7f21d2e7\"><h1 class=\"uagb-heading-text\">Nos solutions sectorielles<\/h1><\/div>\n\n\n\n<div class=\"wp-block-uagb-advanced-heading uagb-block-b022a521 hero-text\"><h2 class=\"uagb-heading-text\"><strong>Pr\u00e9cision, efficacit\u00e9, innovation<\/strong><\/h2><\/div>\n<\/div><\/div>\n<\/div><\/div>\n\n\n\t\t\t\t<div class=\"wp-block-uagb-table-of-contents uagb-toc__align-left uagb-toc__columns-1  uagb-block-37709157      \"\n\t\t\t\t\tdata-scroll= \"1\"\n\t\t\t\t\tdata-offset= \"30\"\n\t\t\t\t\tstyle=\"\"\n\t\t\t\t>\n\t\t\t\t<div class=\"uagb-toc__wrap\">\n\t\t\t\t\t\t<div class=\"uagb-toc__title\">\n\t\t\t\t\t\t\tAper\u00e7u\t\t\t\t\t\t<\/div>\n\t\t\t\t\t\t\t\t\t\t\t\t\t\t\t\t\t\t\t\t\t\t<div class=\"uagb-toc__list-wrap \">\n\t\t\t\t\t\t<ol class=\"uagb-toc__list\"><li class=\"uagb-toc__list\"><a href=\"#solutions-dautomatisation-pour-des-processus-de-diagnostic-pr\u00e9cis\" class=\"uagb-toc-link__trigger\">Solutions d\u2019automatisation pour des processus de diagnostic pr\u00e9cis<\/a><li class=\"uagb-toc__list\"><a href=\"#automatisation-efficace-pour-des-processus-de-production-complexes\" class=\"uagb-toc-link__trigger\">Automatisation efficace pour des processus de production complexes<\/a><li class=\"uagb-toc__list\"><a href=\"#syst\u00e8mes-de-transport-intelligents-pour-une-circulation-fluide-des-mat\u00e9riaux\" class=\"uagb-toc-link__trigger\">Syst\u00e8mes de transport intelligents pour une circulation fluide des mat\u00e9riaux<\/a><\/ol>\t\t\t\t\t<\/div>\n\t\t\t\t\t\t\t\t\t<\/div>\n\t\t\t\t<\/div>\n\t\t\t\n\n\n<div class=\"wp-block-uagb-separator uagb-block-f0476d08\"><div class=\"wp-block-uagb-separator__inner\" style=\"--my-background-image:\"><\/div><\/div>\n\n\n\n<div class=\"wp-block-uagb-container uagb-block-8556d32b alignfull uagb-is-root-container\"><div class=\"uagb-container-inner-blocks-wrap\"><\/div><\/div>\n\n\n\n<div data-aos= \"fade\" data-aos-duration=\"400\" data-aos-delay=\"0\" data-aos-easing=\"ease\" data-aos-once=\"true\" class=\"wp-block-uagb-container uagb-block-118e10dd alignfull uagb-is-root-container\"><div class=\"uagb-container-inner-blocks-wrap\">\n<p data-start=\"164\" data-end=\"549\">Chez Aurovis, nous allions technologie de pointe et solutions pratiques pour soutenir de mani\u00e8re optimale les entreprises dans les domaines de<strong>&nbsp;l\u2019automatisation, de la robotique et des syst\u00e8mes de vision.<\/strong>&nbsp;Gr\u00e2ce \u00e0 notre<strong>&nbsp;expertise en intelligence artificielle<\/strong>, nous d\u00e9veloppons des syst\u00e8mes intelligents qui automatisent les processus, pilotent efficacement les solutions robotiques et permettent une vision industrielle de haute pr\u00e9cision.<\/p>\n<p data-start=\"551\" data-end=\"854\">D\u00e9couvrez comment nos&nbsp;<strong>produits et services innovants<\/strong>&nbsp;simplifient vos processus, rendent vos op\u00e9rations plus intelligentes et ouvrent de nouvelles opportunit\u00e9s pour votre secteur. Plongez dans nos solutions et voyez comment Aurovis transforme vos d\u00e9fis en opportunit\u00e9s durables.<\/p>\n<p data-start=\"551\" data-end=\"854\">Vous \u00eates confront\u00e9 \u00e0 des probl\u00e8mes difficiles \u00e0 r\u00e9soudre ? Laissez-vous conseiller par des experts ayant plus de 10 ans d\u2019exp\u00e9rience en IA. D\u00e9couvrez comment l\u2019IA rend votre travail plus intelligent et plus s\u00fbr \u2013 chez Aurovis AG.<\/p>\n\n\n\n<div class=\"wp-block-uagb-advanced-heading uagb-block-46f2f671\"><div class=\"uagb-heading-text\"><strong><strong>Votre avantage :<\/strong><\/strong><\/div><\/div>\n\n\n\n<ul class=\"wp-block-list\">\n<li><strong>Fournisseur de la Smart Factory<\/strong>\u2013 solutions sur mesure pour l\u2019avenir de votre production<\/li>\n\n\n\n<li><strong>\u00c9tudes pr\u00e9alables et analyses de faisabilit\u00e9<\/strong>\u2013 bases solides pour vos projets<\/li>\n\n\n\n<li><strong>Premi\u00e8re visite gratuite dans votre entreprise<\/strong>\u2013 pour d\u00e9couvrir le potentiel de l\u2019IA<\/li>\n<\/ul>\n<\/div><\/div>\n\n\n\n\n\n<div class=\"wp-block-uagb-container uagb-block-742edec0 alignfull uagb-is-root-container\"><div class=\"uagb-container-inner-blocks-wrap\">\n<div class=\"wp-block-uagb-advanced-heading uagb-block-2d616855\"><h2 class=\"uagb-heading-text\">Aper\u00e7u des secteurs<\/h2><\/div>\n<\/div><\/div>\n\n\n\n<div data-aos= \"fade\" data-aos-duration=\"400\" data-aos-delay=\"0\" data-aos-easing=\"ease\" data-aos-once=\"true\" class=\"wp-block-uagb-container uagb-block-1e5b909d alignwide uagb-is-root-container\">\n<div class=\"wp-block-uagb-container custom-info-box uagb-block-8406dfd8\">\n<div class=\"wp-block-uagb-info-box uagb-block-cc66ce1b uagb-infobox__content-wrap  uagb-infobox-icon-above-title uagb-infobox-image-valign-top\"><div class=\"uagb-ifb-content\"><div class=\"uagb-ifb-image-content\"><img decoding=\"async\" src=\"https:\/\/aurovis.ch\/wp-content\/uploads\/2025\/09\/Labor-Pharma-1024x597.jpg\" alt=\"KI-generiertes Bild symbolisch f\u00fcr Labor- und Pharma Branche\" width=\"\" height=\"0\" loading=\"lazy\"\/><\/div><div class=\"uagb-ifb-title-wrap\"><h3 class=\"uagb-ifb-title\">Solutions d\u2019automatisation pour des processus de diagnostic pr\u00e9cis<\/h3><\/div><\/div><\/div>\n\n\n\n<div class=\"wp-block-uagb-advanced-heading uagb-block-ede977d8\"><div class=\"uagb-heading-text\">Pharma &amp; Sciences de la vie<\/div><\/div>\n\n\n\n<ul class=\"wp-block-list\">\n<li>Pharmacie<\/li>\n\n\n\n<li>Technologie m\u00e9dicale<\/li>\n\n\n\n<li>Laboratoires de recherche<\/li>\n\n\n\n<li>Biochimie<\/li>\n\n\n\n<li>Fabricants de cosm\u00e9tiques<\/li>\n\n\n\n<li>H\u00f4pitaux &amp; cliniques<\/li>\n<\/ul>\n<\/div>\n\n\n\n<div class=\"wp-block-uagb-container custom-info-box uagb-block-5b55fbce\">\n<div class=\"wp-block-uagb-info-box uagb-block-d6250ad0 uagb-infobox__content-wrap  uagb-infobox-icon-above-title uagb-infobox-image-valign-top\"><div class=\"uagb-ifb-content\"><div class=\"uagb-ifb-image-content\"><img decoding=\"async\" src=\"https:\/\/aurovis.ch\/wp-content\/uploads\/2025\/09\/Industrie-1024x597.png\" alt=\"KI-generiertes Bild symbolisch f\u00fcr Branche &quot;Industrie&quot;.\" width=\"\" height=\"0\" loading=\"lazy\"\/><\/div><div class=\"uagb-ifb-title-wrap\"><h3 class=\"uagb-ifb-title\">Automatisation efficace pour des processus de production complexes<\/h3><\/div><\/div><\/div>\n\n\n\n<div class=\"wp-block-uagb-advanced-heading uagb-block-0fdcc97b\"><div class=\"uagb-heading-text\">Industrie &amp; Technologie<\/div><\/div>\n\n\n\n<ul class=\"wp-block-list\">\n<li>Alimentation<\/li>\n\n\n\n<li>Automobile<\/li>\n\n\n\n<li>Horlogerie<\/li>\n\n\n\n<li>Chimie<\/li>\n\n\n\n<li>\u00c9lectronique<\/li>\n<\/ul>\n<\/div>\n\n\n\n<div class=\"wp-block-uagb-container custom-info-box uagb-block-10ecd5f6\">\n<div class=\"wp-block-uagb-info-box uagb-block-6997cbc2 uagb-infobox__content-wrap  uagb-infobox-icon-above-title uagb-infobox-image-valign-top\"><div class=\"uagb-ifb-content\"><div class=\"uagb-ifb-image-content\"><img decoding=\"async\" src=\"https:\/\/aurovis.ch\/wp-content\/uploads\/2025\/09\/Industrie-1-1024x597.png\" alt=\"KI-generiertes Bild symbolisch f\u00fcr Branche &quot;Logistik&quot;.\" width=\"\" height=\"0\" loading=\"lazy\"\/><\/div><div class=\"uagb-ifb-title-wrap\"><h3 class=\"uagb-ifb-title\">Syst\u00e8mes de transport intelligents pour une circulation fluide des mat\u00e9riaux<\/h3><\/div><\/div><\/div>\n\n\n\n<div class=\"wp-block-uagb-advanced-heading uagb-block-8b36e82f\"><div class=\"uagb-heading-text\">Logistique<\/div><\/div>\n\n\n\n<ul class=\"wp-block-list\">\n<li>R\u00e9ception des marchandises<\/li>\n\n\n\n<li>Stockage<\/li>\n\n\n\n<li>Tri<\/li>\n\n\n\n<li>Emballage<\/li>\n\n\n\n<li>Exp\u00e9dition<\/li>\n\n\n\n<li>Tra\u00e7abilit\u00e9<\/li>\n\n\n\n<li>Stations de contr\u00f4le<\/li>\n<\/ul>\n<\/div>\n<\/div>\n\n\n\n<div data-aos= \"fade\" data-aos-duration=\"400\" data-aos-delay=\"0\" data-aos-easing=\"ease\" data-aos-once=\"true\" class=\"wp-block-uagb-container uagb-block-b793fec0 alignfull uagb-is-root-container\"><div class=\"uagb-container-inner-blocks-wrap\">\n<div data-aos= \"fade\" data-aos-duration=\"400\" data-aos-delay=\"0\" data-aos-easing=\"ease\" data-aos-once=\"true\" class=\"wp-block-uagb-marketing-button uagb-marketing-btn__align-center uagb-marketing-btn__align-text-center uagb-marketing-btn__icon-after uagb-block-bf133c06 wp-block-button gotop-btn\"><a href=\"https:\/\/aurovis.ch\/fr\/m\/offres\/\" class=\"uagb-marketing-btn__link wp-block-button__link\" target=\"\" rel=\"noopener noreferrer\"><span class=\"uagb-marketing-btn__title\">Prenez contact avec notre ing\u00e9nieur<\/span><\/a><\/div>\n<\/div><\/div>","protected":false},"excerpt":{"rendered":"<p>Chez Aurovis, nous allions technologie de pointe et solutions pratiques pour soutenir de mani\u00e8re optimale les entreprises dans les domaines de&nbsp;l\u2019automatisation, de la robotique et des syst\u00e8mes de vision.&nbsp;Gr\u00e2ce \u00e0 notre&nbsp;expertise en intelligence artificielle, nous d\u00e9veloppons des syst\u00e8mes intelligents qui automatisent les processus, pilotent efficacement les solutions robotiques et permettent une vision industrielle de haute &hellip; <a href=\"https:\/\/aurovis.ch\/fr\/produits\/industries\/\">Continued<\/a><\/p>\n","protected":false},"author":9,"featured_media":0,"parent":3744,"menu_order":4,"comment_status":"closed","ping_status":"closed","template":"","meta":{"_acf_changed":false,"_surecart_dashboard_logo_width":"180px","_surecart_dashboard_show_logo":true,"_surecart_dashboard_navigation_orders":true,"_surecart_dashboard_navigation_invoices":true,"_surecart_dashboard_navigation_subscriptions":true,"_surecart_dashboard_navigation_downloads":true,"_surecart_dashboard_navigation_billing":true,"_surecart_dashboard_navigation_account":true,"_uag_custom_page_level_css":"","footnotes":""},"class_list":["post-28340","page","type-page","status-publish","hentry"],"acf":[],"uagb_featured_image_src":{"full":false,"thumbnail":false,"medium":false,"medium_large":false,"large":false,"1536x1536":false,"2048x2048":false,"rechteckig":false,"rechteckig-news":false,"slideimage":false,"bildrow":false,"komprimiert-s":false},"uagb_author_info":{"display_name":"Anja Thomas","author_link":"https:\/\/aurovis.ch\/fr\/author\/anja-thomas\/"},"uagb_comment_info":0,"uagb_excerpt":"Chez Aurovis, nous allions technologie de pointe et solutions pratiques pour soutenir de mani\u00e8re optimale les entreprises dans les domaines de&nbsp;l\u2019automatisation, de la robotique et des syst\u00e8mes de vision.&nbsp;Gr\u00e2ce \u00e0 notre&nbsp;expertise en intelligence artificielle, nous d\u00e9veloppons des syst\u00e8mes intelligents qui automatisent les processus, pilotent efficacement les solutions robotiques et permettent une vision industrielle de haute\u2026","_links":{"self":[{"href":"https:\/\/aurovis.ch\/fr\/wp-json\/wp\/v2\/pages\/28340","targetHints":{"allow":["GET"]}}],"collection":[{"href":"https:\/\/aurovis.ch\/fr\/wp-json\/wp\/v2\/pages"}],"about":[{"href":"https:\/\/aurovis.ch\/fr\/wp-json\/wp\/v2\/types\/page"}],"author":[{"embeddable":true,"href":"https:\/\/aurovis.ch\/fr\/wp-json\/wp\/v2\/users\/9"}],"replies":[{"embeddable":true,"href":"https:\/\/aurovis.ch\/fr\/wp-json\/wp\/v2\/comments?post=28340"}],"version-history":[{"count":5,"href":"https:\/\/aurovis.ch\/fr\/wp-json\/wp\/v2\/pages\/28340\/revisions"}],"predecessor-version":[{"id":28859,"href":"https:\/\/aurovis.ch\/fr\/wp-json\/wp\/v2\/pages\/28340\/revisions\/28859"}],"up":[{"embeddable":true,"href":"https:\/\/aurovis.ch\/fr\/wp-json\/wp\/v2\/pages\/3744"}],"wp:attachment":[{"href":"https:\/\/aurovis.ch\/fr\/wp-json\/wp\/v2\/media?parent=28340"}],"curies":[{"name":"wp","href":"https:\/\/api.w.org\/{rel}","templated":true}]}}