{"id":28603,"date":"2026-04-10T09:10:45","date_gmt":"2026-04-10T07:10:45","guid":{"rendered":"https:\/\/aurovis.ch\/m\/news\/messen\/"},"modified":"2026-04-14T09:01:00","modified_gmt":"2026-04-14T07:01:00","slug":"messen","status":"publish","type":"page","link":"https:\/\/aurovis.ch\/fr\/m\/news\/messen\/","title":{"rendered":"Salons et congr\u00e8s professionnels"},"content":{"rendered":"<div class=\"wp-block-cover is-light has-custom-content-position is-position-top-center\"><img loading=\"lazy\" decoding=\"async\" width=\"2146\" height=\"1438\" class=\"wp-block-cover__image-background wp-image-23831 size-full\" alt=\"Bild Aurovis Messestand auf der Sindex Bern.\" src=\"https:\/\/aurovis.ch\/wp-content\/uploads\/2025\/01\/20180830_142124-scaled-e1738245451637.jpg\" data-object-fit=\"cover\" srcset=\"https:\/\/aurovis.ch\/wp-content\/uploads\/2025\/01\/20180830_142124-scaled-e1738245451637.jpg 2146w, https:\/\/aurovis.ch\/wp-content\/uploads\/2025\/01\/20180830_142124-scaled-e1738245451637-300x201.jpg 300w, https:\/\/aurovis.ch\/wp-content\/uploads\/2025\/01\/20180830_142124-scaled-e1738245451637-1024x686.jpg 1024w, https:\/\/aurovis.ch\/wp-content\/uploads\/2025\/01\/20180830_142124-scaled-e1738245451637-768x515.jpg 768w, https:\/\/aurovis.ch\/wp-content\/uploads\/2025\/01\/20180830_142124-scaled-e1738245451637-1536x1029.jpg 1536w, https:\/\/aurovis.ch\/wp-content\/uploads\/2025\/01\/20180830_142124-scaled-e1738245451637-2048x1372.jpg 2048w, https:\/\/aurovis.ch\/wp-content\/uploads\/2025\/01\/20180830_142124-scaled-e1738245451637-250x168.jpg 250w\" sizes=\"auto, (max-width: 2146px) 100vw, 2146px\" \/><span aria-hidden=\"true\" class=\"wp-block-cover__background has-background-dim\" style=\"background-color:#8a8580\"><\/span><div class=\"wp-block-cover__inner-container is-layout-constrained wp-block-cover-is-layout-constrained\">\n<div class=\"wp-block-group alignfull has-background-color has-white-color has-text-color has-background has-link-color wp-elements-27addd3e09057aab592b2d578efd7a62\" style=\"background-color:#e8e8e8d1;padding-top:var(--wp--preset--spacing--30);padding-right:var(--wp--preset--spacing--30);padding-bottom:var(--wp--preset--spacing--30);padding-left:var(--wp--preset--spacing--30)\"><div class=\"wp-block-group__inner-container is-layout-constrained wp-container-core-group-is-layout-23b1a4dc wp-block-group-is-layout-constrained\">\n<div class=\"wp-block-uagb-advanced-heading uagb-block-7f21d2e7\"><h1 class=\"uagb-heading-text\">Salons et congr\u00e8s professionnels.<\/h1><\/div>\n\n\n\n<div class=\"wp-block-uagb-advanced-heading uagb-block-b022a521 hero-text\"><h2 class=\"uagb-heading-text\">Tous les rendez-vous et \u00e9v\u00e9nements actuels en un coup d\u2019\u0153il<\/h2><\/div>\n<\/div><\/div>\n<\/div><\/div>\n\n\n\t\t\t\t<div class=\"wp-block-uagb-table-of-contents uagb-toc__align-left uagb-toc__columns-1  uagb-block-c3b67d2d      \"\n\t\t\t\t\tdata-scroll= \"1\"\n\t\t\t\t\tdata-offset= \"30\"\n\t\t\t\t\tstyle=\"\"\n\t\t\t\t>\n\t\t\t\t<div class=\"uagb-toc__wrap\">\n\t\t\t\t\t\t<div class=\"uagb-toc__title\">\n\t\t\t\t\t\t\t\t\t\t\t\t\t<\/div>\n\t\t\t\t\t\t\t\t\t\t\t\t\t\t\t\t\t\t\t\t\t\t<div class=\"uagb-toc__list-wrap \">\n\t\t\t\t\t\t<ol class=\"uagb-toc__list\"><li class=\"uagb-toc__list\"><a href=\"#salons-et-congr\u00e8s-professionnels\" class=\"uagb-toc-link__trigger\">Salons et congr\u00e8s professionnels.<\/a><\/ol>\t\t\t\t\t<\/div>\n\t\t\t\t\t\t\t\t\t<\/div>\n\t\t\t\t<\/div>\n\t\t\t\n\n\n<div class=\"wp-block-uagb-container uagb-block-58921659 alignfull uagb-is-root-container\"><div class=\"uagb-container-inner-blocks-wrap\"><div class=\"messen-liste\"><div class=\"messe-item fullwidth\"><div class=\"messe-image\"><a href=\"https:\/\/www.terrapinn.com\/conference\/future-labs-live\/index.stm\" target=\"_blank\"><img decoding=\"async\" src=\"https:\/\/aurovis.ch\/wp-content\/uploads\/2026\/04\/logo_future-labs.png\" alt=\"Future Labs Basel\"><\/a><\/div><div class=\"messe-content\"><h3>Future Labs Basel<\/h3><p><strong>27. mai 2026 \u2013 28. mai 2026<\/strong><\/p><p>Congress Center Basel<\/p><p><strong>Stand:<\/strong> 67<\/p><p>Future Labs Live \u00e0 B\u00e2le est un rendez-vous international d\u00e9di\u00e9 au laboratoire du futur. L\u2019\u00e9v\u00e9nement met l\u2019accent sur des th\u00e9matiques cl\u00e9s telles que la num\u00e9risation, l\u2019automatisation, l\u2019intelligence artificielle et les concepts innovants de laboratoire. Il combine conf\u00e9rence, exposition et r\u00e9seautage, et r\u00e9unit des experts et d\u00e9cideurs issus des secteurs de la pharmacie, des biotechnologies, de la chimie et d\u2019autres industries.\r\n\r\nVenez nous rencontrer sur place et d\u00e9couvrez comment nous pouvons vous accompagner dans la mise en \u0153uvre de laboratoires tourn\u00e9s vers l\u2019avenir.<\/p><p><a href=\"https:\/\/www.terrapinn.com\/conference\/future-labs-live\/index.stm\" target=\"_blank\">Future Labs Live Basel<\/a><\/p><\/div><\/div><div class=\"messe-item fullwidth\"><div class=\"messe-image\"><a href=\"https:\/\/www.ephj.ch\/\" target=\"_blank\"><img decoding=\"async\" src=\"https:\/\/aurovis.ch\/wp-content\/uploads\/2025\/01\/EPHJ-logo.png\" alt=\"EPHJ Genf\"><\/a><\/div><div class=\"messe-content\"><h3>EPHJ Genf<\/h3><p><strong>16. juin 2026 \u2013 19. juin 2026<\/strong><\/p><p>Palexpo SA, Route Fran\u00e7ois-Peyrot 30, CH-1218 Le Grand-Saconnex<\/p><p><strong>Stand:<\/strong> F116<\/p><p>EPHJ est le salon professionnel international de r\u00e9f\u00e9rence d\u00e9di\u00e9 \u00e0 la haute pr\u00e9cision dans les domaines de l\u2019horlogerie, de la microtechnique et de la technologie m\u00e9dicale. V\u00e9ritable plateforme centrale de la branche, il r\u00e9unit l\u2019ensemble de la cha\u00eene de valeur et pr\u00e9sente les derni\u00e8res tendances, innovations et technologies cl\u00e9s \u2013 des composants de haute pr\u00e9cision aux solutions globales complexes.\r\n\r\nRendez-nous visite \u00e0 l\u2019EPHJ \u00e0 Gen\u00e8ve \u2013 le salon incontournable de l\u2019industrie de pr\u00e9cision \u2013 et d\u00e9couvrez des innovations pionni\u00e8res, des technologies de fabrication de pointe ainsi que des d\u00e9veloppements passionnants issus du monde de la microm\u00e9canique high-tech.<\/p><p><a href=\"https:\/\/www.ephj.ch\/\" target=\"_blank\">EPHJ Genf<\/a><\/p><p><a href=\"https:\/\/outlook.office.com\/book\/BeratungstermineEPHJrendezvousdeconsultationEPHJ@aurovis.ch\/?ismsaljsauthenabled\" target=\"_blank\" class=\"messe-termin\">Prendre rendez-vous<\/a><\/p><\/div><\/div><div class=\"messe-item fullwidth\"><div class=\"messe-image\"><a href=\"https:\/\/www.zurich.allaboutautomation.de\/fr\/exhibitors\/aurovis-ag-242985\/\" target=\"_blank\"><img decoding=\"async\" src=\"https:\/\/aurovis.ch\/wp-content\/uploads\/2026\/04\/Logo-all-about-automation.png\" alt=\" all about automation Z\u00fcrich\"><\/a><\/div><div class=\"messe-content\"><h3> all about automation Z\u00fcrich<\/h3><p><strong>26. ao\u00fbt 2026 \u2013 27. ao\u00fbt 2026<\/strong><\/p><p>Messe Z\u00fcrich - Halle 1 & 2, Wallisellenstrasse 49, 8050 Z\u00fcrich<\/p><p><strong>Stand:<\/strong> H42<\/p><p>Le salon suisse d\u00e9di\u00e9 \u00e0 l\u2019automatisation industrielle, \u00e0 la robotique et \u00e0 la digitalisation. L\u2019accent est mis sur des solutions concr\u00e8tes, des technologies et des applications li\u00e9es \u00e0 une production efficace et \u00e0 des usines intelligentes. Le salon r\u00e9unit des utilisateurs, des d\u00e9cideurs ainsi que des fournisseurs de syst\u00e8mes d\u2019automatisation, de logiciels et de services d\u2019ing\u00e9nierie, et favorise des \u00e9changes directs et orient\u00e9s solutions.\r\n\r\nVenez nous rencontrer sur place et d\u00e9couvrez comment nous pouvons vous accompagner dans la mise en \u0153uvre de solutions d\u2019automatisation modernes.<\/p><p><a href=\"https:\/\/www.zurich.allaboutautomation.de\/fr\/exhibitors\/aurovis-ag-242985\/\" target=\"_blank\">all about automation<\/a><\/p><p><a href=\"https:\/\/my.easyfairs.com\/registration-link\/242985\/60d9cc401c76adb4f5fcb79eef159feb5998dc53431abae1ddc8fb25a2155d30\" target=\"_blank\" class=\"messe-anmeldung\">R\u00e9servez votre billet gratuit<\/a><\/p><\/div><\/div><div class=\"messe-item fullwidth\"><div class=\"messe-image\"><a href=\"https:\/\/www.ost.ch\/de\/forschung-und-dienstleistungen\/technik\/maschinentechnik\/ilt-institute-for-lab-automation-and-mechatronics\/events\/swiss-automation\/aussteller-und-sponsoren\" target=\"_blank\"><img decoding=\"async\" src=\"https:\/\/aurovis.ch\/wp-content\/uploads\/2026\/04\/logo_swissautomation-ilt-e1776150012886.png\" alt=\"SWISS AUTOMATION Rapperswil\"><\/a><\/div><div class=\"messe-content\"><h3>SWISS AUTOMATION Rapperswil<\/h3><p><strong>10. septembre 2026<\/strong><\/p><p>Rapperswil<\/p><p>SWISS AUTOMATION \u00e0 Rapperswil est un symposium sp\u00e9cialis\u00e9 d\u00e9di\u00e9 \u00e0 l\u2019automatisation des laboratoires, \u00e0 la robotique et \u00e0 l\u2019automatisation industrielle. L\u2019\u00e9v\u00e9nement combine conf\u00e9rence, exposition et networking et r\u00e9unit des experts issus de la recherche et de l\u2019industrie. L\u2019accent est mis sur des technologies et solutions innovantes pour un avenir r\u00e9silient, de la recherche \u00e0 l\u2019application industrielle.\r\n\r\nVenez nous rendre visite sur place et d\u00e9couvrez comment nous pouvons vous accompagner dans la mise en \u0153uvre de solutions modernes d\u2019automatisation et de laboratoire.<\/p><p><a href=\"https:\/\/www.ost.ch\/de\/forschung-und-dienstleistungen\/technik\/maschinentechnik\/ilt-institute-for-lab-automation-and-mechatronics\/events\/swiss-automation\/aussteller-und-sponsoren\" target=\"_blank\">SWISS AUTOMATION <\/a><\/p><\/div><\/div><\/div>\n<\/div><\/div>","protected":false},"excerpt":{"rendered":"","protected":false},"author":9,"featured_media":0,"parent":3755,"menu_order":3,"comment_status":"closed","ping_status":"closed","template":"","meta":{"_acf_changed":false,"_surecart_dashboard_logo_width":"180px","_surecart_dashboard_show_logo":true,"_surecart_dashboard_navigation_orders":true,"_surecart_dashboard_navigation_invoices":true,"_surecart_dashboard_navigation_subscriptions":true,"_surecart_dashboard_navigation_downloads":true,"_surecart_dashboard_navigation_billing":true,"_surecart_dashboard_navigation_account":true,"_uag_custom_page_level_css":"","footnotes":""},"class_list":["post-28603","page","type-page","status-publish","hentry"],"acf":[],"uagb_featured_image_src":{"full":false,"thumbnail":false,"medium":false,"medium_large":false,"large":false,"1536x1536":false,"2048x2048":false,"rechteckig":false,"rechteckig-news":false,"slideimage":false,"bildrow":false,"komprimiert-s":false},"uagb_author_info":{"display_name":"Anja Thomas","author_link":"https:\/\/aurovis.ch\/fr\/author\/anja-thomas\/"},"uagb_comment_info":0,"uagb_excerpt":null,"_links":{"self":[{"href":"https:\/\/aurovis.ch\/fr\/wp-json\/wp\/v2\/pages\/28603","targetHints":{"allow":["GET"]}}],"collection":[{"href":"https:\/\/aurovis.ch\/fr\/wp-json\/wp\/v2\/pages"}],"about":[{"href":"https:\/\/aurovis.ch\/fr\/wp-json\/wp\/v2\/types\/page"}],"author":[{"embeddable":true,"href":"https:\/\/aurovis.ch\/fr\/wp-json\/wp\/v2\/users\/9"}],"replies":[{"embeddable":true,"href":"https:\/\/aurovis.ch\/fr\/wp-json\/wp\/v2\/comments?post=28603"}],"version-history":[{"count":9,"href":"https:\/\/aurovis.ch\/fr\/wp-json\/wp\/v2\/pages\/28603\/revisions"}],"predecessor-version":[{"id":28641,"href":"https:\/\/aurovis.ch\/fr\/wp-json\/wp\/v2\/pages\/28603\/revisions\/28641"}],"up":[{"embeddable":true,"href":"https:\/\/aurovis.ch\/fr\/wp-json\/wp\/v2\/pages\/3755"}],"wp:attachment":[{"href":"https:\/\/aurovis.ch\/fr\/wp-json\/wp\/v2\/media?parent=28603"}],"curies":[{"name":"wp","href":"https:\/\/api.w.org\/{rel}","templated":true}]}}